{"id":10,"date":"2020-06-17T01:25:56","date_gmt":"2020-06-16T23:25:56","guid":{"rendered":"https:\/\/www.olivierlange.com\/?page_id=10"},"modified":"2020-06-17T02:21:57","modified_gmt":"2020-06-17T00:21:57","slug":"curriculum-vitae","status":"publish","type":"page","link":"https:\/\/olivierlange.com\/index.php\/curriculum-vitae\/","title":{"rendered":"Curriculum Vitae"},"content":{"rendered":"\n<p><strong>Profil de base tr\u00e8s technique, j\u2019ai une forte exp\u00e9rience Linux (Debian, Centos, Proxmox), tant en administration syst\u00e8me que r\u00e9seau. J\u2019ai une exp\u00e9rience en HA avec mise en place de PRA\/PCA sur des RTO faibles, avec des infrastructures \u00e0 99,99% de disponibilit\u00e9. Mikrotik, Fortinet, Cisco ou Arista sont des technologies connues voir ma\u00eetris\u00e9es. J\u2019ai l\u2019habitude de travailler sous stress dans des environnements \u00e0 fortes valeurs ajout\u00e9es en temps r\u00e9el (VOIP par exemple). 9 ans d\u2019exp\u00e9rience de management (Team leader, chef d\u2019entreprise et directeur technique) compl\u00e8tent mon profil.<\/strong><\/p>\n\n\n\n<p><strong>Je suis \u00e9galement une personne passionn\u00e9e, impliqu\u00e9e, \u201cgeek\u201d. J\u2019aime la veille technologique, et je suis convaincu qu\u2019une entreprise c\u2019est avant tout des hommes\/femmes qui am\u00e8nent un service et une satisfaction au client. Je cherche de nouveaux d\u00e9fis, et pouvoir mettre \u00e0 profit mes 15 ans d\u2019exp\u00e9riences.<\/strong><\/p>\n\n\n\n<h2>Comp\u00e9tences<\/h2>\n\n\n\n<ul><li><em>S\u00e9curit\u00e9<\/em><ul><li>Participation \u00e0 <strong>PenTest <\/strong>(accompagnement,<strong> revue de code<\/strong>)<\/li><li><strong>Haute disponibilit\u00e9<\/strong> (serveurs, infonuage, liaison WAN, VRRP)<\/li><li>Gestion d\u2019identit\u00e9 (<strong>tra\u00e7abilit\u00e9<\/strong>, <strong>standardisation<\/strong>, <strong>process<\/strong>)<\/li><li>Gestion des <strong>sauvegardes <\/strong>(multi-support\/protocols, r\u00e9tention, tests)<\/li><li><strong>Fortigate <\/strong>coeur de r\u00e9seau<br><\/li><\/ul><\/li><li><em>Gestion d\u2019\u00e9quipes et de d\u00e9partement<\/em><ul><li>Application de la m\u00e9thode \u201cManager Tools\u201d (1\u00e01, R\u00e9troaction, D\u00e9l\u00e9gation, Mentorat) au quotidien<\/li><li>Gestion des plannings et du quotidien<\/li><li>Gestion de conflits et prise de d\u00e9cisions<\/li><li>Mise en place et suivi des processus<\/li><li>Capacit\u00e9 \u00e0 prendre des d\u00e9cisions<\/li><li>Gestion de projet AGILE<\/li><li>ITIL v4<br><\/li><\/ul><\/li><li><em>Infonuage<\/em> \/ <em>Cloud<\/em><ul><li>Cloud priv\u00e9, hybride et public (OVH)<\/li><li>AWS (EC2, S3, RDS)<\/li><li>Automatisation (Ansible, scripting)<br><\/li><\/ul><\/li><li><em>Techniques Infrastructure<\/em><ul><li>Mise en place d\u2019infrastructure complexe<\/li><li>Mise en place de PCA \/ PRA bas\u00e9 sur VMWare et Proxmox<\/li><li>Ma\u00eetrise de la technologie Linux (Debian, Centos)<\/li><li>Ma\u00eetrise de la technologie VOIP (Asterisk, Freepbx, XiVO)<br><\/li><\/ul><\/li><li><em>Technique R\u00e9seau LAN\/WAN<\/em><ul><li>Ma\u00eetrise des technologies r\u00e9seaux (MPLS op\u00e9rateur, Routage Mikrotik, VPN, LAN\/WAN, SD-WAN, VxLAN)<\/li><li>Bonnes connaissances du Pare-feu (Fortigate, iptables, Mikrotik)<\/li><li>Ma\u00eetrise du LAN (802.1q, DHCP, QOS, LACP)<\/li><li>Ma\u00eetrise r\u00e9seau op\u00e9rateur (L2TP, PPPOE, xDSL, FTTx, 4G)<\/li><li>Routage statique et dynamique (BGP, OSPF)<br><\/li><\/ul><\/li><li><em>Technique Programmation<\/em><ul><li>Bonnes connaissances en d\u00e9veloppement CLI (Python, Shell Script, Perl)<\/li><li>Bonnes connaissances en d\u00e9veloppement (PHP, Mysql, Python)<br><\/li><\/ul><\/li><li><em>Personnelles<\/em><ul><li><strong>Passionn\u00e9 de nouvelles technologies<\/strong><\/li><li>Pers\u00e9v\u00e9rant<\/li><li><strong>Orient\u00e9 objectif et rentabilit\u00e9, en incluant le facteur humain<\/strong><\/li><li>Tr\u00e8s bonne <strong>facult\u00e9 d\u2019analyse<\/strong> et <strong>d\u00e9cisionnelle<\/strong><\/li><li>Veille technologique constante<\/li><\/ul><\/li><\/ul>\n\n\n\n<h2><strong>Exp\u00e9rience professionnelles<\/strong><\/h2>\n\n\n\n<p><em><strong>Mouvement Desjardins<\/strong> &#8211;  Conseiller Architecture D\u00e9taill\u00e9e S\u00e9curit\u00e9 &#8211; depuis juin 2020\u00a0\u00a0<\/em><br>Services financiers pour particuliers et entreprises<em> &#8211; 50&rsquo;000+ salari\u00e9s<\/em><\/p>\n\n\n\n<blockquote class=\"wp-block-quote\"><p>Conseiller en s\u00e9curit\u00e9 des solutions infonuagiques<br>Accompagnement des \u00e9quipes<br>Process et conseil s\u00e9curit\u00e9<\/p><\/blockquote>\n\n\n\n<p><em><strong>OVH Canada<\/strong> &#8211; Manager \/ Team Leader Network Operate &#8211;  janvier &#8211; juin  2020\u00a0\u00a0<\/em><br><em>Soci\u00e9t\u00e9 d\u2019h\u00e9bergement de serveur et Cloud &#8211; 2000+ salari\u00e9s<\/em><\/p>\n\n\n\n<blockquote class=\"wp-block-quote\"><p>Management de l\u2019\u00e9quipe Operate situ\u00e9e en France et au Canada<br>R\u00e9organisation de l\u2019\u00e9quipe afin de garantir un fonctionnement en 24\/7<br>Gestion des indicateurs (KPI) de la team<br>R\u00e9organisation des \u00e9changes d\u2019informations entre les diff\u00e9rentes unit\u00e9es du groupe<br>Gestion des \u00e9quipes Dev (Python\/GO) et ing\u00e9nieur r\u00e9seau<br>Accompagnement dans la mise \u00e0 jour de l\u2019infrastructure<br>Mise en place et application de process<br>Veille s\u00e9curit\u00e9<br>Recrutement<\/p><\/blockquote>\n\n\n\n<p><em><strong>OVH Canada<\/strong> &#8211; Administrateur Syst\u00e8me \/ R\u00e9seau op\u00e9rationnel &#8211; Octobre &#8211; D\u00e9cembre 2019<\/em><br><em>\u00a0Soci\u00e9t\u00e9 d\u2019h\u00e9bergement de serveur et Cloud &#8211; 2000+ salari\u00e9s<\/em><\/p>\n\n\n\n<blockquote class=\"wp-block-quote\"><p>Gestion du Backbone OVH (20Tbps)<br>Acc\u00e8s root sur l\u2019ensemble de l\u2019infrastructure r\u00e9seau Cisco\/Arista<br>Alerting temps r\u00e9el et intervention HO\/HNO<br>Analyse et gestion des pannes<br>Support L3 en interne &#8211; Analyse et ouverture de Bugs Cisco\/Arista<br>Routeurs (N5600, N6k, N9k, Catalyst 2960, ASR, Arista a70\/a72\/a75, etc\u2026)<br>D\u00e9veloppement de scripts d\u2019automatisation ou d\u2019analyse en Perl \/ Python<\/p><\/blockquote>\n\n\n\n<p><em><strong>OLTC Consulting<\/strong> &#8211; Consultant Cloud et Telecom &#8211; Depuis f\u00e9vrier 2019\u00a0<\/em><br><em>Dirigeant et consultant d\u2019une soci\u00e9t\u00e9 de service en r\u00e9seau et cloud &#8211; 1 salari\u00e9<\/em><\/p>\n\n\n\n<blockquote class=\"wp-block-quote\"><p>Accompagnement de TPE et PME sur des infrastructures r\u00e9seaux<br>Migration d\u2019une solution VMWare cloud priv\u00e9 vers<strong> Cluster Proxmox\/Ceph<\/strong> h\u00e9berg\u00e9<br>Analyse et mise en place d<strong>&lsquo;infrastructure r\u00e9seau<\/strong> op\u00e9rateur (<strong>Cisco + Mikrotik<\/strong>)<br>Mise en place de solution de <strong>supervision <\/strong>Dude (Mikrotik), Librenms, scripting<br>Gestion d&rsquo;infrastructure de site ecommerce (virtualisation 3 tiers) et VOIP h\u00e9berg\u00e9e<br>Gestion d\u2019une VM d\u2019h\u00e9bergement mutualis\u00e9e sous Plesk<\/p><\/blockquote>\n\n\n\n<p><strong>i<\/strong><em><strong>pexia SAS<\/strong> &#8211; Direction responsable technique &#8211; f\u00e9vrier 2016 \u00e0 janvier 2019<br>Op\u00e9rateur T\u00e9l\u00e9com (VOIP + lien internet) pour PME &#8211; 20 salari\u00e9s<\/em><\/p>\n\n\n\n<blockquote class=\"wp-block-quote\"><p><strong>Gestion d\u2019une \u00e9quipe de 7 personnes<\/strong> (techniciens, ing\u00e9nieur et d\u00e9veloppeur Python)<br>Mise en place de solutions de <strong>s\u00e9curit\u00e9 <\/strong>centralis\u00e9e bas\u00e9e sur Fortinet<br>Mise en place de solutions  de <strong>sauvegardes des donn\u00e9es<\/strong> et de tra\u00e7abilit\u00e9<br>D\u00e9veloppement de solutions infonuagique interne et d\u00e9di\u00e9es aux clients<br>          <strong>VMWare &#8211; Proxmox<\/strong><br><strong>          Mikrotik <\/strong>(VPN L2\/L3, coeur de r\u00e9seau op\u00e9rateur, solution d\u2019IPBX h\u00e9berg\u00e9)<br><strong>          Asterisk<\/strong><br>          Infrastructure mutualis\u00e9e pour l\u2019h\u00e9bergement web bas\u00e9e sur Plesk<br>D\u00e9veloppement d\u2019un CPE bas\u00e9e sur Mikrotik, incluant configuration et monitoring <br>Gestion du quotidien (Support, R&amp;D, accompagnement client, etc\u2026)<br><strong>Membre du Comit\u00e9 de Direction de l\u2019entreprise (COPIL)<\/strong><br><strong>Recrutement <\/strong>et licenciement au niveau de l\u2019\u00e9quipe technique<br>Mise en place de <strong>PRA\/PCA\/RTO<\/strong><br>Mise en place et gestion d\u2019un projet de d\u00e9veloppement type ERP en Python (Django)<\/p><\/blockquote>\n\n\n\n<p><em><strong>Visionweb SAS<\/strong> &#8211; CEO\/CTO &#8211; juillet 2012 \u00e0 juillet 2015<\/em><br><em>Soci\u00e9t\u00e9 de serveurs et de solutions sur mesures pour TPE\/PME &#8211; 4 salari\u00e9s<\/em><\/p>\n\n\n\n<blockquote class=\"wp-block-quote\"><p>Gestion des salari\u00e9s et de la client\u00e8le type TPE\/PME (<strong>dirigeant<\/strong>)<br>Mise en place de solutions sur mesure en VOIP et<strong> infrastructure web ou r\u00e9seau<\/strong><br>D\u00e9veloppement d\u2019une solution d\u2019h\u00e9bergement web sur mesure pour le e-commerce<br>          Virtualisation Proxmox et VMWare<br>          VM Apache2\/Nginx<br>          VM Mysql en cluster master-slave\/master<br>          <strong>Haproxy \/ VPN \/ File server<\/strong><br>          <strong>Mise en place de PRA et Supervision en 24\/7<\/strong><br>Gestion de solution de<strong> wifi s\u00e9curis\u00e9<\/strong> avec portail captif<br>Mise en place de solutions de <strong>backup et de s\u00e9curit\u00e9<\/strong><br>Maintiens d\u2019une solution mutualis\u00e9e sous Cpanel<\/p><\/blockquote>\n\n\n\n<p><em><strong>Symbion Medical System<\/strong> &#8211; Responsable technique &#8211; 2009 \u00e0 2012<\/em><br><em>Soci\u00e9t\u00e9 de R&amp;D dans l\u2019immuno-h\u00e9matologie &#8211; 15 salari\u00e9s<\/em><\/p>\n\n\n\n<blockquote class=\"wp-block-quote\"><p><strong>Responsable technique <\/strong>d\u2019une soci\u00e9t\u00e9 de R&amp;D dans le domaine m\u00e9dical <br><strong>Architecte <\/strong>base de donn\u00e9es Postgresql et d\u00e9veloppement des libraires en C++<br>Gestion des ing\u00e9nieurs et techniciens internes  et externes <br>Choix et gestion des sous-traitants informatiques <br>          hardware<br>          librairie d\u2019analyse d\u2019image OpenCV<br>Coordination du d\u00e9partement TI et \u00e9lectronique\/m\u00e9canique<br>Coordinateur certification<strong> ISO 62304<\/strong><\/p><\/blockquote>\n\n\n\n<p><em><strong>Virtua Analyste d\u00e9veloppeur<\/strong> &#8211; 2007 \u00e0 2009<\/em><br><em>Soci\u00e9t\u00e9 de service sp\u00e9cialis\u00e9e dans le d\u00e9veloppement web &#8211; 20 salari\u00e9s<\/em><\/p>\n\n\n\n<blockquote class=\"wp-block-quote\"><p>Analyse et d\u00e9veloppement de logiciel web<br>Accompagnement de correction de<strong> tests de p\u00e9n\u00e9tration<\/strong> sur un site client<br><strong>Gestion de projets<\/strong> web (site et application)<br>Reprise et conversion de code PHP<br>Conversion et maintien de code Legacy<\/p><\/blockquote>\n\n\n\n<h2><strong>Tutorat \/ B\u00e9n\u00e9vole<\/strong><\/h2>\n\n\n\n<ul><li>Jury Bac +5 Informatique<\/li><li>R\u00e9dacteur de tutoriels sur developpez.com<\/li><li>Enseignant CNAM informatique<\/li><li>Tuteur d\u2019alternance niveau Ma\u00eetrise<\/li><\/ul>\n\n\n\n<h2><strong>Certifications<\/strong><\/h2>\n\n\n\n<ul><li><strong>Certification ITIL V4 Foundation (2019)<\/strong><\/li><li>AWS Certified Cloud Practitioner certification (2019)<\/li><li>Dipl\u00f4me anglais g\u00e9n\u00e9ral B2 (IELTS &#8211; 2018)<\/li><li>Manager Tools (2018 &#8211; en anglais)<\/li><li><strong>Miktrotik<\/strong><ul><li><strong><a rel=\"noreferrer noopener\" href=\"https:\/\/i.mt.lv\/cdn\/training_pdf\/mtcna_outline_2019181161836.pdf\" target=\"_blank\">MTCNA<\/a><\/strong><\/li><li><strong><a rel=\"noreferrer noopener\" href=\"https:\/\/i.mt.lv\/cdn\/training_pdf\/mtctce_outline_2019181161836.pdf\" target=\"_blank\">MTCTCE <\/a><\/strong><\/li><li><a rel=\"noreferrer noopener\" href=\"https:\/\/i.mt.lv\/cdn\/training_pdf\/mtcre_outline_2019181161836.pdf\" target=\"_blank\"><strong>MTCRE<\/strong> <\/a><\/li><li><a href=\"https:\/\/i.mt.lv\/cdn\/training_pdf\/mtcine_outline_2019181161836.pdf\" target=\"_blank\" rel=\"noreferrer noopener\"><strong>MTCINE<\/strong> <\/a><\/li><\/ul><\/li><li>Sangoma PbxAct (2017) \/ XiVO (2014)<\/li><li>Norme ISO 62034 (2011)<\/li><\/ul>\n\n\n\n<h2><strong>Formations (\u00e9quivalence Canadienne)<\/strong><\/h2>\n\n\n\n<p><strong>Ing\u00e9nieur R\u00e9seau <\/strong>&#8211; Pr\u00e9paration du dipl\u00f4me d\u2019ing\u00e9nieur informatique.<br>\u00a0\u00a0\u00a0\u00a0\u00a0<em>2020 &#8211; CNAM \/ Dipl\u00f4me reconnu par l\u2019ordre des ing\u00e9nieur du Qu\u00e9bec<\/em><br><em>\u00a0\u00a0\u00a0\u00a0En cours<\/em><br><strong>Ma\u00eetrise r\u00e9seau et telecom<\/strong> &#8211; validation partiel de 10x 6 cr\u00e9dits ECTS <br>\u00a0\u00a0\u00a0\u00a0\u00a0<em>2019 &#8211; CNAM<\/em><br><strong>Baccalaur\u00e9at informatique<\/strong><br>\u00a0\u00a0\u00a0\u00a0\u00a0<em>2019 &#8211; CNAM<\/em><br>DEC technique en informatique option d\u00e9veloppement Web<br>     <em>Obtenu en 2007 &#8211; CPNV (Suisse)<\/em><br>DEP \u00e9lectronique<br>     <em>Obtenu en 2001 &#8211; ETML (Suisse)<\/em><\/p>\n","protected":false},"excerpt":{"rendered":"<p>Profil de base tr\u00e8s technique, j\u2019ai une forte exp\u00e9rience Linux (Debian, Centos, Proxmox), tant en administration syst\u00e8me que r\u00e9seau. J\u2019ai une exp\u00e9rience en HA avec&#8230;<\/p>\n<div class=\"more-link-wrapper\"><a class=\"more-link\" href=\"https:\/\/olivierlange.com\/index.php\/curriculum-vitae\/\">Continuer la lecture<span class=\"screen-reader-text\">Curriculum Vitae<\/span><\/a><\/div>\n","protected":false},"author":1,"featured_media":0,"parent":0,"menu_order":0,"comment_status":"closed","ping_status":"closed","template":"resume-cv-template.php","meta":[],"_links":{"self":[{"href":"https:\/\/olivierlange.com\/index.php\/wp-json\/wp\/v2\/pages\/10"}],"collection":[{"href":"https:\/\/olivierlange.com\/index.php\/wp-json\/wp\/v2\/pages"}],"about":[{"href":"https:\/\/olivierlange.com\/index.php\/wp-json\/wp\/v2\/types\/page"}],"author":[{"embeddable":true,"href":"https:\/\/olivierlange.com\/index.php\/wp-json\/wp\/v2\/users\/1"}],"replies":[{"embeddable":true,"href":"https:\/\/olivierlange.com\/index.php\/wp-json\/wp\/v2\/comments?post=10"}],"version-history":[{"count":5,"href":"https:\/\/olivierlange.com\/index.php\/wp-json\/wp\/v2\/pages\/10\/revisions"}],"predecessor-version":[{"id":65,"href":"https:\/\/olivierlange.com\/index.php\/wp-json\/wp\/v2\/pages\/10\/revisions\/65"}],"wp:attachment":[{"href":"https:\/\/olivierlange.com\/index.php\/wp-json\/wp\/v2\/media?parent=10"}],"curies":[{"name":"wp","href":"https:\/\/api.w.org\/{rel}","templated":true}]}}